{"id":35,"date":"2019-11-26T06:42:30","date_gmt":"2019-11-26T05:42:30","guid":{"rendered":"http:\/\/www.modellbau-yodi.de\/imker\/?page_id=35"},"modified":"2022-05-21T08:42:04","modified_gmt":"2022-05-21T06:42:04","slug":"bienenbehausungen","status":"publish","type":"page","link":"https:\/\/www.modellbau-yodi.de\/imker\/bienenbehausungen\/","title":{"rendered":"Bienenbehausungen"},"content":{"rendered":"<p><a href=\"https:\/\/www.bienenkiste.de\/\" target=\"_blank\" rel=\"noopener noreferrer\">Die Bienenkiste<\/a><\/p>\n<figure id=\"attachment_63\" aria-describedby=\"caption-attachment-63\" style=\"width: 225px\" class=\"wp-caption alignright\"><a href=\"http:\/\/www.modellbau-yodi.de\/imker\/wp-content\/uploads\/2019\/11\/image20190414_165925732-scaled.jpg\" target=\"_blank\" rel=\"noopener noreferrer\"><img loading=\"lazy\" decoding=\"async\" class=\"wp-image-63 size-medium\" src=\"http:\/\/www.modellbau-yodi.de\/imker\/wp-content\/uploads\/2019\/11\/image20190414_165925732-225x300.jpg\" alt=\"\" width=\"225\" height=\"300\" srcset=\"https:\/\/www.modellbau-yodi.de\/imker\/wp-content\/uploads\/2019\/11\/image20190414_165925732-225x300.jpg 225w, https:\/\/www.modellbau-yodi.de\/imker\/wp-content\/uploads\/2019\/11\/image20190414_165925732-scaled-600x800.jpg 600w, https:\/\/www.modellbau-yodi.de\/imker\/wp-content\/uploads\/2019\/11\/image20190414_165925732-768x1024.jpg 768w, https:\/\/www.modellbau-yodi.de\/imker\/wp-content\/uploads\/2019\/11\/image20190414_165925732-1152x1536.jpg 1152w, https:\/\/www.modellbau-yodi.de\/imker\/wp-content\/uploads\/2019\/11\/image20190414_165925732-1536x2048.jpg 1536w, https:\/\/www.modellbau-yodi.de\/imker\/wp-content\/uploads\/2019\/11\/image20190414_165925732-300x400.jpg 300w, https:\/\/www.modellbau-yodi.de\/imker\/wp-content\/uploads\/2019\/11\/image20190414_165925732-850x1133.jpg 850w, https:\/\/www.modellbau-yodi.de\/imker\/wp-content\/uploads\/2019\/11\/image20190414_165925732-scaled.jpg 1920w\" sizes=\"auto, (max-width: 225px) 100vw, 225px\" \/><\/a><figcaption id=\"caption-attachment-63\" class=\"wp-caption-text\">Das Innere der Bienenkiste.<\/figcaption><\/figure>\n<p>ist eine flache l\u00e4ngliche Kiste. Der Ursprung ist der Krainer Bauernstock. Der Brutraum fast 12 Waben mit einer l\u00e4nge von 600mm und eine h\u00f6he von ca. 180mm. Die Waben h\u00e4ngen an Obertr\u00e4gern so das sie bei bedarf ausgebaut werden k\u00f6nnen.<\/p>\n<p>Im Honigraum der auch zur Versorgung (Vorroa etc.) benutzt wird sind ebenfalls 12 Waben. Aller Dings mit einer l\u00e4nge von 300mm. Auch hier wieder an Obertr\u00e4ger so das die Honigernte sehr einfach ist.<\/p>\n<p>&nbsp;<\/p>\n<p><a href=\"http:\/\/www.modellbau-yodi.de\/imker\/wp-content\/uploads\/2019\/11\/Bienenkiste-offen.jpg\" target=\"_blank\" rel=\"noopener noreferrer\"><img loading=\"lazy\" decoding=\"async\" class=\"alignleft wp-image-67 size-medium\" src=\"http:\/\/www.modellbau-yodi.de\/imker\/wp-content\/uploads\/2019\/11\/Bienenkiste-offen-225x300.jpg\" alt=\"\" width=\"225\" height=\"300\" srcset=\"https:\/\/www.modellbau-yodi.de\/imker\/wp-content\/uploads\/2019\/11\/Bienenkiste-offen-225x300.jpg 225w, https:\/\/www.modellbau-yodi.de\/imker\/wp-content\/uploads\/2019\/11\/Bienenkiste-offen-600x800.jpg 600w, https:\/\/www.modellbau-yodi.de\/imker\/wp-content\/uploads\/2019\/11\/Bienenkiste-offen-768x1024.jpg 768w, https:\/\/www.modellbau-yodi.de\/imker\/wp-content\/uploads\/2019\/11\/Bienenkiste-offen-1152x1536.jpg 1152w, https:\/\/www.modellbau-yodi.de\/imker\/wp-content\/uploads\/2019\/11\/Bienenkiste-offen-300x400.jpg 300w, https:\/\/www.modellbau-yodi.de\/imker\/wp-content\/uploads\/2019\/11\/Bienenkiste-offen-850x1133.jpg 850w, https:\/\/www.modellbau-yodi.de\/imker\/wp-content\/uploads\/2019\/11\/Bienenkiste-offen.jpg 1500w\" sizes=\"auto, (max-width: 225px) 100vw, 225px\" \/><\/a><\/p>\n<p>&nbsp;<\/p>\n<p>Zum arbeiten an den Bienen wird die Bienenkiste hochkant aufgestellt und der Boden abgenommen. Man hat das gesamte Bienenvolk vor Augen was schon beeindruckend ist. Ohne Probleme kann man die Waben ein bisschen zur Seite dr\u00fccken um mal dazwischen zu schauen. Weiselzellen sieht man sofort an der Unterseite der Waben.<\/p>\n<p>&nbsp;<\/p>\n<figure id=\"attachment_68\" aria-describedby=\"caption-attachment-68\" style=\"width: 225px\" class=\"wp-caption alignright\"><a href=\"http:\/\/www.modellbau-yodi.de\/imker\/wp-content\/uploads\/2019\/11\/image20190517_193135957-klein.jpg\" target=\"_blank\" rel=\"noopener noreferrer\"><img loading=\"lazy\" decoding=\"async\" class=\"wp-image-68 size-medium\" src=\"http:\/\/www.modellbau-yodi.de\/imker\/wp-content\/uploads\/2019\/11\/image20190517_193135957-klein-225x300.jpg\" alt=\"\" width=\"225\" height=\"300\" srcset=\"https:\/\/www.modellbau-yodi.de\/imker\/wp-content\/uploads\/2019\/11\/image20190517_193135957-klein-225x300.jpg 225w, https:\/\/www.modellbau-yodi.de\/imker\/wp-content\/uploads\/2019\/11\/image20190517_193135957-klein-600x800.jpg 600w, https:\/\/www.modellbau-yodi.de\/imker\/wp-content\/uploads\/2019\/11\/image20190517_193135957-klein-768x1024.jpg 768w, https:\/\/www.modellbau-yodi.de\/imker\/wp-content\/uploads\/2019\/11\/image20190517_193135957-klein-300x400.jpg 300w, https:\/\/www.modellbau-yodi.de\/imker\/wp-content\/uploads\/2019\/11\/image20190517_193135957-klein-850x1133.jpg 850w, https:\/\/www.modellbau-yodi.de\/imker\/wp-content\/uploads\/2019\/11\/image20190517_193135957-klein.jpg 1111w\" sizes=\"auto, (max-width: 225px) 100vw, 225px\" \/><\/a><figcaption id=\"caption-attachment-68\" class=\"wp-caption-text\">Bienenkiste mit Dach<\/figcaption><\/figure>\n<p>&nbsp;<\/p>\n<p>&nbsp;<\/p>\n<p>&nbsp;<\/p>\n<p>Die Bienenkiste mit sch\u00f6nen Dach. Ich finde es sch\u00f6ner als so ein Bl\u00f6den Blechdeckel.<\/p>\n<p>&nbsp;<\/p>\n<p>&nbsp;<\/p>\n<p><em>Die Bienenkiste hat einen Zehrweg von 65 cm\u00a0<\/em><\/p>\n<p>&nbsp;<\/p>\n<p><a href=\"http:\/\/www.warre-bienenhaltung.de\" target=\"_blank\" rel=\"noopener noreferrer\">Die Warr\u00e9 Beute<\/a><\/p>\n<p>Pater \u00c9mile Warr\u00e9\u00a0 (1876 \u2013 1951) Experimentierte mit 350 verschiedenen Beuten und entwickelte dann den Warr\u00e9 Bienenstock den er Volksbeute nannte. Er wollte eine Beute erschaffen die den nat\u00fcrlichen Bed\u00fcrfnissen der Bienen am n\u00e4hsten kommt und in der Betriebsweise einfach zu handhaben ist. Er hat damals schon erkannt das die Stockluft entscheidend f\u00fcr die Gesundheit der Bienen ist und seine Betriebsweise darauf abgestimmt.<\/p>\n<figure id=\"attachment_65\" aria-describedby=\"caption-attachment-65\" style=\"width: 225px\" class=\"wp-caption alignleft\"><a href=\"http:\/\/www.modellbau-yodi.de\/imker\/wp-content\/uploads\/2019\/11\/image20190519_112233463-scaled.jpg\" target=\"_blank\" rel=\"noopener noreferrer\"><img loading=\"lazy\" decoding=\"async\" class=\"wp-image-65 size-medium\" src=\"http:\/\/www.modellbau-yodi.de\/imker\/wp-content\/uploads\/2019\/11\/image20190519_112233463-225x300.jpg\" alt=\"\" width=\"225\" height=\"300\" srcset=\"https:\/\/www.modellbau-yodi.de\/imker\/wp-content\/uploads\/2019\/11\/image20190519_112233463-225x300.jpg 225w, https:\/\/www.modellbau-yodi.de\/imker\/wp-content\/uploads\/2019\/11\/image20190519_112233463-scaled-600x800.jpg 600w, https:\/\/www.modellbau-yodi.de\/imker\/wp-content\/uploads\/2019\/11\/image20190519_112233463-768x1024.jpg 768w, https:\/\/www.modellbau-yodi.de\/imker\/wp-content\/uploads\/2019\/11\/image20190519_112233463-1152x1536.jpg 1152w, https:\/\/www.modellbau-yodi.de\/imker\/wp-content\/uploads\/2019\/11\/image20190519_112233463-1536x2048.jpg 1536w, https:\/\/www.modellbau-yodi.de\/imker\/wp-content\/uploads\/2019\/11\/image20190519_112233463-300x400.jpg 300w, https:\/\/www.modellbau-yodi.de\/imker\/wp-content\/uploads\/2019\/11\/image20190519_112233463-850x1133.jpg 850w, https:\/\/www.modellbau-yodi.de\/imker\/wp-content\/uploads\/2019\/11\/image20190519_112233463-scaled.jpg 1920w\" sizes=\"auto, (max-width: 225px) 100vw, 225px\" \/><\/a><figcaption id=\"caption-attachment-65\" class=\"wp-caption-text\">Warr\u00e9 Bienenstock mit abgenommenem Dach.<br \/>Sehr sch\u00f6n zu sehen das mit Stroh gef\u00fcllte Kissen.<\/figcaption><\/figure>\n<p>Die Warr\u00e9 hat ein Innenma\u00df von 300mm X 300mm X 210mm und ist somit sehr handlich. Die Warr\u00e9-Zarge hat 8 Obertr\u00e4ger. Zur Ernte wird einfach die Komplette Zarge mitgenommen. Eine Warr\u00e9 Beute hat mit 2 Zargen ein Volumen von 36 Litern was einer Nat\u00fcrlichen Behausung am n\u00e4hsten kommt. Thomas Seeley hat in Experimenten herausgefunden das die Bienen nach dem Schw\u00e4rmen am liebsten in Behausungen von 40 Litern einziehen. Unsere Warr\u00e9 Beuten haben zum gr\u00f6\u00dften Teil alle Guckzargen, das hei\u00dft das sie ein Fenster haben um die Bienen zu beobachten. Wie bei anderen Beuten auch werden die Zargen auf den Boden \u00fcbereinander gestellt. Als letztes kommt das Kissen, es ist eine Halbzarge die mit Stroh o.\u00e4. gef\u00fcllt wird. Oben drauf dann das Dach. Diese Konstriktion l\u00e4sst den Bienenstock atmen d.h. Die Feuchtigkeit kann entweichen.<\/p>\n<figure id=\"attachment_53\" aria-describedby=\"caption-attachment-53\" style=\"width: 300px\" class=\"wp-caption alignright\"><a href=\"http:\/\/www.modellbau-yodi.de\/imker\/wp-content\/uploads\/2019\/11\/image20190723_195642624-scaled.jpg\" target=\"_blank\" rel=\"noopener noreferrer\"><img loading=\"lazy\" decoding=\"async\" class=\"wp-image-53 size-medium\" src=\"http:\/\/www.modellbau-yodi.de\/imker\/wp-content\/uploads\/2019\/11\/image20190723_195642624-300x225.jpg\" alt=\"\" width=\"300\" height=\"225\" srcset=\"https:\/\/www.modellbau-yodi.de\/imker\/wp-content\/uploads\/2019\/11\/image20190723_195642624-300x225.jpg 300w, https:\/\/www.modellbau-yodi.de\/imker\/wp-content\/uploads\/2019\/11\/image20190723_195642624-scaled-600x450.jpg 600w, https:\/\/www.modellbau-yodi.de\/imker\/wp-content\/uploads\/2019\/11\/image20190723_195642624-1024x768.jpg 1024w, https:\/\/www.modellbau-yodi.de\/imker\/wp-content\/uploads\/2019\/11\/image20190723_195642624-768x576.jpg 768w, https:\/\/www.modellbau-yodi.de\/imker\/wp-content\/uploads\/2019\/11\/image20190723_195642624-1536x1152.jpg 1536w, https:\/\/www.modellbau-yodi.de\/imker\/wp-content\/uploads\/2019\/11\/image20190723_195642624-2048x1536.jpg 2048w, https:\/\/www.modellbau-yodi.de\/imker\/wp-content\/uploads\/2019\/11\/image20190723_195642624-850x638.jpg 850w\" sizes=\"auto, (max-width: 300px) 100vw, 300px\" \/><\/a><figcaption id=\"caption-attachment-53\" class=\"wp-caption-text\">Obere Guckzarge<\/figcaption><\/figure>\n<p>Bei der Betriebsweise gibt es eine Besonderheit. Die Zargen zum erweitern werden nicht aufgesetzt wie bei anderen Beuten \u00fcblich sondern unter gesetzt. Bienen m\u00f6gen es gar nicht wenn \u00fcber ihren K\u00f6pfen ein Leerraum ist. Es macht sie gereizt und sie bauen ihn schnell aus. Das schnelle ausbauen nutzen die Imker um schnell viel Honig zu bekommen. Das ist aber nicht Wesensgem\u00e4\u00df. In der Natur bauen die Bienen von oben nach unten und deshalb werden die Warr\u00e9 Zargen unter gesetzt. Die Bienen erweitern ihr Brutnest nach unten und lagern ihren Honig in den frei gewordenen Zellen ein.<\/p>\n<p><em>Die Warr\u00e9 Beute hat einen Zehrweg von ca. 38 cm (2 Zargen)<\/em><\/p>\n<p><a href=\"https:\/\/www.einraumbeute.de\" target=\"_blank\" rel=\"noopener noreferrer\">Die Einraumbeute<\/a><\/p>\n<p>In der n\u00e4chsten Saison werden wir die Einraumbeute ausprobieren. Die Einraumbeute hat sehr gro\u00dfe R\u00e4mchen die nach unten offen sind.<\/p>\n<p><a href=\"http:\/\/www.modellbau-yodi.de\/imker\/wp-content\/uploads\/2019\/11\/erb1-raemchen-klein.jpg\" target=\"_blank\" rel=\"noopener noreferrer\"><img loading=\"lazy\" decoding=\"async\" class=\"alignleft wp-image-70 size-medium\" src=\"http:\/\/www.modellbau-yodi.de\/imker\/wp-content\/uploads\/2019\/11\/erb1-raemchen-klein-225x300.jpg\" alt=\"\" width=\"225\" height=\"300\" srcset=\"https:\/\/www.modellbau-yodi.de\/imker\/wp-content\/uploads\/2019\/11\/erb1-raemchen-klein-225x300.jpg 225w, https:\/\/www.modellbau-yodi.de\/imker\/wp-content\/uploads\/2019\/11\/erb1-raemchen-klein-300x400.jpg 300w, https:\/\/www.modellbau-yodi.de\/imker\/wp-content\/uploads\/2019\/11\/erb1-raemchen-klein.jpg 600w\" sizes=\"auto, (max-width: 225px) 100vw, 225px\" \/><\/a><\/p>\n<p>22 R\u00e4hmchen mit einem Innenma\u00df von\u00a0 261mm breit, 426mm hoch passen in die Einraumbeute.\u00a0 An der R\u00fcckseite befindet sich eine gro\u00dfe Revisionsklappe. Um die Bienen zu beobachten oder das M\u00fcll der Bienen auszufegen. Man sieht auch die Weiselzellen die meist unten an der Wabenkannte sind.<\/p>\n<p>&nbsp;<\/p>\n<p>&nbsp;<\/p>\n<p>&nbsp;<\/p>\n<p>&nbsp;<\/p>\n<p><a href=\"http:\/\/www.modellbau-yodi.de\/imker\/wp-content\/uploads\/2019\/11\/image20190929_135258494-scaled.jpg\" target=\"_blank\" rel=\"noopener noreferrer\"><img loading=\"lazy\" decoding=\"async\" class=\"alignright wp-image-72 size-medium\" src=\"http:\/\/www.modellbau-yodi.de\/imker\/wp-content\/uploads\/2019\/11\/image20190929_135258494-300x225.jpg\" alt=\"\" width=\"300\" height=\"225\" srcset=\"https:\/\/www.modellbau-yodi.de\/imker\/wp-content\/uploads\/2019\/11\/image20190929_135258494-300x225.jpg 300w, https:\/\/www.modellbau-yodi.de\/imker\/wp-content\/uploads\/2019\/11\/image20190929_135258494-scaled-600x450.jpg 600w, https:\/\/www.modellbau-yodi.de\/imker\/wp-content\/uploads\/2019\/11\/image20190929_135258494-1024x768.jpg 1024w, https:\/\/www.modellbau-yodi.de\/imker\/wp-content\/uploads\/2019\/11\/image20190929_135258494-768x576.jpg 768w, https:\/\/www.modellbau-yodi.de\/imker\/wp-content\/uploads\/2019\/11\/image20190929_135258494-1536x1152.jpg 1536w, https:\/\/www.modellbau-yodi.de\/imker\/wp-content\/uploads\/2019\/11\/image20190929_135258494-2048x1536.jpg 2048w, https:\/\/www.modellbau-yodi.de\/imker\/wp-content\/uploads\/2019\/11\/image20190929_135258494-850x638.jpg 850w\" sizes=\"auto, (max-width: 300px) 100vw, 300px\" \/><\/a><\/p>\n<p>&nbsp;<\/p>\n<p>&nbsp;<\/p>\n<p>&nbsp;<\/p>\n<p>&nbsp;<\/p>\n<p>&nbsp;<\/p>\n<p>&nbsp;<\/p>\n<p><a href=\"http:\/\/www.modellbau-yodi.de\/imker\/wp-content\/uploads\/2019\/11\/erb1-frontbild-klein.jpg\" target=\"_blank\" rel=\"noopener noreferrer\"><img loading=\"lazy\" decoding=\"async\" class=\"alignleft wp-image-73 size-medium\" src=\"http:\/\/www.modellbau-yodi.de\/imker\/wp-content\/uploads\/2019\/11\/erb1-frontbild-klein-300x225.jpg\" alt=\"\" width=\"300\" height=\"225\" srcset=\"https:\/\/www.modellbau-yodi.de\/imker\/wp-content\/uploads\/2019\/11\/erb1-frontbild-klein-300x225.jpg 300w, https:\/\/www.modellbau-yodi.de\/imker\/wp-content\/uploads\/2019\/11\/erb1-frontbild-klein-600x450.jpg 600w, https:\/\/www.modellbau-yodi.de\/imker\/wp-content\/uploads\/2019\/11\/erb1-frontbild-klein-768x576.jpg 768w, https:\/\/www.modellbau-yodi.de\/imker\/wp-content\/uploads\/2019\/11\/erb1-frontbild-klein.jpg 800w\" sizes=\"auto, (max-width: 300px) 100vw, 300px\" \/><\/a><\/p>\n<p>&nbsp;<\/p>\n<p>&nbsp;<\/p>\n<p>&nbsp;<\/p>\n<p>Die Einraumbeute hat einen Zehrweg von 42 cm.<\/p>\n<p>&nbsp;<\/p>\n<p>&nbsp;<\/p>\n<p>&nbsp;<\/p>\n<p>Im laufe der Jahre lernt man immer mehr dazu und will auch immer mehr ausprobieren. Auch wir haben ausprobiert, verschiedene Beutensysteme haben wir getestet. Warr\u00e9, Zander, Dadant. Und verschiedene Begattungsk\u00e4stchen. Alle Begattungsk\u00e4stchen haben eins gemeinsam. Nachdem die K\u00f6nigin begattet ist m\u00fcssen die kleinen R\u00e4hmchen irgendwie in die\u00a0 Beuten mit dem Standma\u00df. Also wird gebastelt um die mini R\u00e4hmchen in die Beuten zu binden. Das alles kostet Zeit, und Zeit ist in der Imkerei teuer.<br \/>\nDarum benutzen wir f\u00fcr Belegstellen nur noch EWKs mit einer Warr\u00e9 Wabe. Das hat den Vorteil das nach der Begattung die Wabe schnell um gehangen werden kann.<br \/>\nAls Beutensystem werden wir in Zukunft Warr\u00e9 f\u00fcr die K\u00f6niginnenzucht und Dadant f\u00fcr die Wirtschafts V\u00f6lker benutzen. Lange habe ich Dadant und Zander verglichen. Mein erster eindruck von Dadant war sehr positiv.<\/p>\n<ul>\n<li>Ich brauchte keinen Stockmei\u00dfen um die R\u00e4hmchen zu l\u00f6sen (keine Ersch\u00fctterungen)<\/li>\n<li>Deckel und R\u00e4hmchenoberseite nicht verbaut. Der Beespace stimmt.<\/li>\n<li>Keine Plastikfolie, kein absch\u00fctteln der Bienen<\/li>\n<\/ul>\n<p style=\"text-align: center;\"><strong>Die Dadantbeute ist daher als Moderne Wesensgem\u00e4\u00dfe Bienenbehausung zu bezeichnen.<\/strong><\/p>\n<p><a href=\"https:\/\/www.modellbau-yodi.de\/imker\/wp-content\/uploads\/2022\/05\/signal-2022-04-17-115047.jpeg\" target=\"_blank\" rel=\"noopener\"><img loading=\"lazy\" decoding=\"async\" class=\"alignleft wp-image-612 size-medium\" src=\"https:\/\/www.modellbau-yodi.de\/imker\/wp-content\/uploads\/2022\/05\/signal-2022-04-17-115047-169x300.jpeg\" alt=\"\" width=\"169\" height=\"300\" srcset=\"https:\/\/www.modellbau-yodi.de\/imker\/wp-content\/uploads\/2022\/05\/signal-2022-04-17-115047-169x300.jpeg 169w, https:\/\/www.modellbau-yodi.de\/imker\/wp-content\/uploads\/2022\/05\/signal-2022-04-17-115047-576x1024.jpeg 576w, https:\/\/www.modellbau-yodi.de\/imker\/wp-content\/uploads\/2022\/05\/signal-2022-04-17-115047-768x1365.jpeg 768w, https:\/\/www.modellbau-yodi.de\/imker\/wp-content\/uploads\/2022\/05\/signal-2022-04-17-115047-864x1536.jpeg 864w, https:\/\/www.modellbau-yodi.de\/imker\/wp-content\/uploads\/2022\/05\/signal-2022-04-17-115047-300x533.jpeg 300w, https:\/\/www.modellbau-yodi.de\/imker\/wp-content\/uploads\/2022\/05\/signal-2022-04-17-115047-850x1511.jpeg 850w, https:\/\/www.modellbau-yodi.de\/imker\/wp-content\/uploads\/2022\/05\/signal-2022-04-17-115047.jpeg 1080w\" sizes=\"auto, (max-width: 169px) 100vw, 169px\" \/><\/a><\/p>\n<p>Die Dadantbeute hat bei einigen Verfechter der wesensgem\u00e4\u00dfen Bienenhaltung den Ruf der Honigquetscher und Massentierhaltung zu sein.<\/p>\n<p style=\"text-align: center;\"><strong><em>Das ist nat\u00fcrlich absoluter Quatsch<\/em><\/strong><\/p>\n<p>Der Brutraum ist sehr gro\u00df um nicht zu sagen zu gro\u00df. Deshalb wird im Brutraum ein Schied gesetzt um den Brutraum zu verkleinern. Sinn und zweck des Schied sind es den Brutraum an die Legeleistung der K\u00f6nigin anzupassen. Nun muss unterschieden werden zwischen <em>anpassen<\/em> und <em>einengen<\/em>. Beim anpassen wird das Schied so gesetzt das der Raum ausreicht und \u00fcber der Brut ein Futterkranz behalten wird. Die Pflegebienen haben k\u00fcrzere Wege zum Futter zum laufen, sie arbeiten sich weniger ab. Beim Einengen wird Das Schied so gesetzt das der Raum f\u00fcr die Legeleistung gerade ausreichend ist. Der Futterkranz ist dann im ersten (untersten) Honigraum. Dieser darf dann auch nicht einfach weg genommen werden. Die Pfegebienen haben lange Wege zum Futter und arbeiten sich schneller ab.<\/p>\n<p>Wir arbeiten mit dem Abgepassten Brutraum.<\/p>\n<p><a href=\"https:\/\/www.modellbau-yodi.de\/imker\/wp-content\/uploads\/2022\/05\/Bildschirmfoto-zu-2022-04-18-09-01-18.png\"><br \/>\n<img loading=\"lazy\" decoding=\"async\" class=\"alignright size-medium wp-image-616\" src=\"https:\/\/www.modellbau-yodi.de\/imker\/wp-content\/uploads\/2022\/05\/Bildschirmfoto-zu-2022-04-18-09-01-18-300x300.png\" alt=\"\" width=\"300\" height=\"300\" srcset=\"https:\/\/www.modellbau-yodi.de\/imker\/wp-content\/uploads\/2022\/05\/Bildschirmfoto-zu-2022-04-18-09-01-18-300x301.png 300w, https:\/\/www.modellbau-yodi.de\/imker\/wp-content\/uploads\/2022\/05\/Bildschirmfoto-zu-2022-04-18-09-01-18-150x150.png 150w, https:\/\/www.modellbau-yodi.de\/imker\/wp-content\/uploads\/2022\/05\/Bildschirmfoto-zu-2022-04-18-09-01-18.png 372w\" sizes=\"auto, (max-width: 300px) 100vw, 300px\" \/><\/a>Auch die Flugbretter haben wir getestet. Bei den Beuten wo das Flugbrett bis zum Boden reicht sind weniger tote Bienen ab Boden.<\/p>\n<p>&nbsp;<\/p>\n<p>&nbsp;<\/p>\n","protected":false},"excerpt":{"rendered":"<p>Die Bienenkiste ist eine flache l\u00e4ngliche Kiste. Der Ursprung ist der Krainer Bauernstock. Der Brutraum fast 12 Waben mit einer l\u00e4nge von 600mm und eine h\u00f6he von ca. 180mm. Die Waben h\u00e4ngen an Obertr\u00e4gern so das sie bei bedarf ausgebaut werden k\u00f6nnen. Im Honigraum der auch zur Versorgung (Vorroa etc.) benutzt wird sind ebenfalls 12&#8230;<\/p>\n","protected":false},"author":1,"featured_media":0,"parent":0,"menu_order":0,"comment_status":"closed","ping_status":"closed","template":"","meta":{"footnotes":""},"class_list":["post-35","page","type-page","status-publish","hentry"],"_links":{"self":[{"href":"https:\/\/www.modellbau-yodi.de\/imker\/wp-json\/wp\/v2\/pages\/35","targetHints":{"allow":["GET"]}}],"collection":[{"href":"https:\/\/www.modellbau-yodi.de\/imker\/wp-json\/wp\/v2\/pages"}],"about":[{"href":"https:\/\/www.modellbau-yodi.de\/imker\/wp-json\/wp\/v2\/types\/page"}],"author":[{"embeddable":true,"href":"https:\/\/www.modellbau-yodi.de\/imker\/wp-json\/wp\/v2\/users\/1"}],"replies":[{"embeddable":true,"href":"https:\/\/www.modellbau-yodi.de\/imker\/wp-json\/wp\/v2\/comments?post=35"}],"version-history":[{"count":12,"href":"https:\/\/www.modellbau-yodi.de\/imker\/wp-json\/wp\/v2\/pages\/35\/revisions"}],"predecessor-version":[{"id":617,"href":"https:\/\/www.modellbau-yodi.de\/imker\/wp-json\/wp\/v2\/pages\/35\/revisions\/617"}],"wp:attachment":[{"href":"https:\/\/www.modellbau-yodi.de\/imker\/wp-json\/wp\/v2\/media?parent=35"}],"curies":[{"name":"wp","href":"https:\/\/api.w.org\/{rel}","templated":true}]}}