{"id":39,"date":"2019-11-26T06:46:56","date_gmt":"2019-11-26T05:46:56","guid":{"rendered":"http:\/\/www.modellbau-yodi.de\/imker\/?page_id=39"},"modified":"2023-11-26T15:03:48","modified_gmt":"2023-11-26T14:03:48","slug":"honig","status":"publish","type":"page","link":"https:\/\/www.modellbau-yodi.de\/imker\/honig\/","title":{"rendered":"Honig"},"content":{"rendered":"<p>Wir Pressen unseren geernteten Honig in einer Presse. \u00c4hnlich einer Obstpresse. Das Pressen erfordert mehr Zeiteinsatz aber es loht sich. Eine Studie hat gezeigt das Presshonig ein vielfaches<\/p>\n<figure id=\"attachment_96\" aria-describedby=\"caption-attachment-96\" style=\"width: 300px\" class=\"wp-caption alignright\"><a href=\"http:\/\/www.modellbau-yodi.de\/imker\/wp-content\/uploads\/2019\/11\/image20190804_140152730-scaled.jpg\" target=\"_blank\" rel=\"noopener noreferrer\"><img loading=\"lazy\" decoding=\"async\" class=\"wp-image-96 size-medium\" src=\"http:\/\/www.modellbau-yodi.de\/imker\/wp-content\/uploads\/2019\/11\/image20190804_140152730-300x225.jpg\" alt=\"\" width=\"300\" height=\"225\" srcset=\"https:\/\/www.modellbau-yodi.de\/imker\/wp-content\/uploads\/2019\/11\/image20190804_140152730-300x225.jpg 300w, https:\/\/www.modellbau-yodi.de\/imker\/wp-content\/uploads\/2019\/11\/image20190804_140152730-scaled-600x450.jpg 600w, https:\/\/www.modellbau-yodi.de\/imker\/wp-content\/uploads\/2019\/11\/image20190804_140152730-1024x768.jpg 1024w, https:\/\/www.modellbau-yodi.de\/imker\/wp-content\/uploads\/2019\/11\/image20190804_140152730-768x576.jpg 768w, https:\/\/www.modellbau-yodi.de\/imker\/wp-content\/uploads\/2019\/11\/image20190804_140152730-1536x1152.jpg 1536w, https:\/\/www.modellbau-yodi.de\/imker\/wp-content\/uploads\/2019\/11\/image20190804_140152730-2048x1536.jpg 2048w, https:\/\/www.modellbau-yodi.de\/imker\/wp-content\/uploads\/2019\/11\/image20190804_140152730-850x638.jpg 850w\" sizes=\"auto, (max-width: 300px) 100vw, 300px\" \/><\/a><figcaption id=\"caption-attachment-96\" class=\"wp-caption-text\">Honig l\u00e4uft aus der Presse<\/figcaption><\/figure>\n<p>mehr Pollen und Mineralien hat als geschleuderter Honig. Wir zerschneiden also die Geernteten Waben und Pressen sie. Durch das Pressen gelangen auch R\u00fcckst\u00e4nde der Brutzellen in den Honig was den H\u00f6heren Mineralischen Anteil erkl\u00e4rt. Ebenso R\u00fcckst\u00e4nde von Propolis weil Bienen h\u00e4ufig auch die Randwaben damit einschmieren. Der Honig der aus der Presse l\u00e4uft wird noch mit einen Seihtuch nach Meister Schundau gefiltert. Das \u00fcber gebliebene Bienenwachs kommt in ein Dampfentsafter zur Reinigung des Wachses. das dabei entstehende Honig-Wasser Gemisch bekommen die Bienen.<\/p>\n<p>&nbsp;<\/p>\n<p><a href=\"http:\/\/www.modellbau-yodi.de\/imker\/wp-content\/uploads\/2019\/11\/image20190808_215150733-scaled.jpg\" target=\"_blank\" rel=\"noopener noreferrer\"><img loading=\"lazy\" decoding=\"async\" class=\"alignleft wp-image-102 size-medium\" src=\"http:\/\/www.modellbau-yodi.de\/imker\/wp-content\/uploads\/2019\/11\/image20190808_215150733-225x300.jpg\" alt=\"\" width=\"225\" height=\"300\" srcset=\"https:\/\/www.modellbau-yodi.de\/imker\/wp-content\/uploads\/2019\/11\/image20190808_215150733-225x300.jpg 225w, https:\/\/www.modellbau-yodi.de\/imker\/wp-content\/uploads\/2019\/11\/image20190808_215150733-scaled-600x800.jpg 600w, https:\/\/www.modellbau-yodi.de\/imker\/wp-content\/uploads\/2019\/11\/image20190808_215150733-768x1024.jpg 768w, https:\/\/www.modellbau-yodi.de\/imker\/wp-content\/uploads\/2019\/11\/image20190808_215150733-1152x1536.jpg 1152w, https:\/\/www.modellbau-yodi.de\/imker\/wp-content\/uploads\/2019\/11\/image20190808_215150733-1536x2048.jpg 1536w, https:\/\/www.modellbau-yodi.de\/imker\/wp-content\/uploads\/2019\/11\/image20190808_215150733-300x400.jpg 300w, https:\/\/www.modellbau-yodi.de\/imker\/wp-content\/uploads\/2019\/11\/image20190808_215150733-850x1133.jpg 850w, https:\/\/www.modellbau-yodi.de\/imker\/wp-content\/uploads\/2019\/11\/image20190808_215150733-scaled.jpg 1920w\" sizes=\"auto, (max-width: 225px) 100vw, 225px\" \/><\/a><\/p>\n<p>&nbsp;<\/p>\n<p><a href=\"http:\/\/www.modellbau-yodi.de\/imker\/wp-content\/uploads\/2019\/11\/wachskocher-scaled.jpg\" target=\"_blank\" rel=\"noopener noreferrer\"><img loading=\"lazy\" decoding=\"async\" class=\"alignright wp-image-103 size-medium\" src=\"http:\/\/www.modellbau-yodi.de\/imker\/wp-content\/uploads\/2019\/11\/wachskocher-225x300.jpg\" alt=\"\" width=\"225\" height=\"300\" srcset=\"https:\/\/www.modellbau-yodi.de\/imker\/wp-content\/uploads\/2019\/11\/wachskocher-225x300.jpg 225w, https:\/\/www.modellbau-yodi.de\/imker\/wp-content\/uploads\/2019\/11\/wachskocher-scaled-600x800.jpg 600w, https:\/\/www.modellbau-yodi.de\/imker\/wp-content\/uploads\/2019\/11\/wachskocher-768x1024.jpg 768w, https:\/\/www.modellbau-yodi.de\/imker\/wp-content\/uploads\/2019\/11\/wachskocher-1152x1536.jpg 1152w, https:\/\/www.modellbau-yodi.de\/imker\/wp-content\/uploads\/2019\/11\/wachskocher-1536x2048.jpg 1536w, https:\/\/www.modellbau-yodi.de\/imker\/wp-content\/uploads\/2019\/11\/wachskocher-300x400.jpg 300w, https:\/\/www.modellbau-yodi.de\/imker\/wp-content\/uploads\/2019\/11\/wachskocher-850x1133.jpg 850w, https:\/\/www.modellbau-yodi.de\/imker\/wp-content\/uploads\/2019\/11\/wachskocher-scaled.jpg 1920w\" sizes=\"auto, (max-width: 225px) 100vw, 225px\" \/><\/a><\/p>\n<p>&nbsp;<\/p>\n<p>&nbsp;<\/p>\n<p>&nbsp;<\/p>\n<p>&nbsp;<\/p>\n<p>&nbsp;<\/p>\n<p>&nbsp;<\/p>\n<p>&nbsp;<\/p>\n<p>&nbsp;<\/p>\n<p>&nbsp;<\/p>\n<p style=\"text-align: center;\">[dsgvo-youtube url=&#8220;https:\/\/www.youtube.com\/watch?v=aAk_-tZdiFw&#8220; ]Wildbau entfernen[\/dsgvo-youtube]<br \/>\nVideo Wildbau entfernen<\/p>\n<p>&nbsp;<\/p>\n<p><img loading=\"lazy\" decoding=\"async\" class=\"aligncenter wp-image-104\" src=\"http:\/\/www.modellbau-yodi.de\/imker\/wp-content\/uploads\/2019\/11\/honigverbraucher-300x84.png\" alt=\"\" width=\"464\" height=\"130\" srcset=\"https:\/\/www.modellbau-yodi.de\/imker\/wp-content\/uploads\/2019\/11\/honigverbraucher-300x84.png 300w, https:\/\/www.modellbau-yodi.de\/imker\/wp-content\/uploads\/2019\/11\/honigverbraucher.png 505w\" sizes=\"auto, (max-width: 464px) 100vw, 464px\" \/><\/p>\n<p>&nbsp;<\/p>\n<p>Links zum Themer Presshonig<\/p>\n<p><a href=\"http:\/\/www.dheaf.plus.com\/warrebeekeeping\/bee_guided_pharmacognosy.pdf\" target=\"_blank\" rel=\"noopener noreferrer\">dheaf.<\/a><br \/>\n<a href=\"https:\/\/www.researchgate.net\/publication\/308092114_Nutritional_and_mineral_contents_of_honey_extracted_by_centrifugation_and_pressed_processes\" target=\"_blank\" rel=\"noopener noreferrer\">Studie<\/a><\/p>\n","protected":false},"excerpt":{"rendered":"<p>Wir Pressen unseren geernteten Honig in einer Presse. \u00c4hnlich einer Obstpresse. Das Pressen erfordert mehr Zeiteinsatz aber es loht sich. Eine Studie hat gezeigt das Presshonig ein vielfaches mehr Pollen und Mineralien hat als geschleuderter Honig. Wir zerschneiden also die Geernteten Waben und Pressen sie. Durch das Pressen gelangen auch R\u00fcckst\u00e4nde der Brutzellen in den&#8230;<\/p>\n","protected":false},"author":1,"featured_media":0,"parent":0,"menu_order":0,"comment_status":"closed","ping_status":"closed","template":"","meta":{"footnotes":""},"class_list":["post-39","page","type-page","status-publish","hentry"],"_links":{"self":[{"href":"https:\/\/www.modellbau-yodi.de\/imker\/wp-json\/wp\/v2\/pages\/39","targetHints":{"allow":["GET"]}}],"collection":[{"href":"https:\/\/www.modellbau-yodi.de\/imker\/wp-json\/wp\/v2\/pages"}],"about":[{"href":"https:\/\/www.modellbau-yodi.de\/imker\/wp-json\/wp\/v2\/types\/page"}],"author":[{"embeddable":true,"href":"https:\/\/www.modellbau-yodi.de\/imker\/wp-json\/wp\/v2\/users\/1"}],"replies":[{"embeddable":true,"href":"https:\/\/www.modellbau-yodi.de\/imker\/wp-json\/wp\/v2\/comments?post=39"}],"version-history":[{"count":13,"href":"https:\/\/www.modellbau-yodi.de\/imker\/wp-json\/wp\/v2\/pages\/39\/revisions"}],"predecessor-version":[{"id":681,"href":"https:\/\/www.modellbau-yodi.de\/imker\/wp-json\/wp\/v2\/pages\/39\/revisions\/681"}],"wp:attachment":[{"href":"https:\/\/www.modellbau-yodi.de\/imker\/wp-json\/wp\/v2\/media?parent=39"}],"curies":[{"name":"wp","href":"https:\/\/api.w.org\/{rel}","templated":true}]}}