{"id":672,"date":"2023-07-02T18:39:23","date_gmt":"2023-07-02T16:39:23","guid":{"rendered":"https:\/\/www.modellbau-yodi.de\/imker\/?post_type=product&#038;p=672"},"modified":"2023-07-02T18:44:21","modified_gmt":"2023-07-02T16:44:21","slug":"gepresster-bluetenhonig","status":"publish","type":"product","link":"https:\/\/www.modellbau-yodi.de\/imker\/produkt\/gepresster-bluetenhonig\/","title":{"rendered":"Gepresster Bl\u00fctenhonig"},"content":{"rendered":"<p>Bl\u00fctenhonig ist ein Honig den die Bienen das ganze Jahr \u00fcber sammeln.<\/p>\n<p>Durch das auspressen der Waben bei der Honigerzeugung bekommt der Honig einen ganz besonderen Geschmack.<br \/>\nIm Geschmack\u00a0 hat Presshonig eine ganz leichte \u201eWachsige Note\u201c, das kommt von \u00e4therischen \u00d6len aus den Bienenwachs.<br \/>\nEin Honig f\u00fcr echte Gourmets.<\/p>\n<p>Honig ist ein Naturprodukt und schmeckt von Bienenvolk zu Bienenvolk Bienenstand zu Bienenstand immer anders.<\/p>\n<p>&nbsp;<\/p>\n","protected":false},"excerpt":{"rendered":"<p>Bl\u00fcten Presshonig 250g<\/p>\n","protected":false},"featured_media":673,"comment_status":"open","ping_status":"closed","template":"","meta":[],"product_brand":[],"product_cat":[37],"product_tag":[],"class_list":{"0":"post-672","1":"product","2":"type-product","3":"status-publish","4":"has-post-thumbnail","6":"product_cat-unkategorisiert","8":"first","9":"instock","10":"taxable","11":"shipping-taxable","12":"purchasable","13":"product-type-simple"},"_links":{"self":[{"href":"https:\/\/www.modellbau-yodi.de\/imker\/wp-json\/wp\/v2\/product\/672","targetHints":{"allow":["GET"]}}],"collection":[{"href":"https:\/\/www.modellbau-yodi.de\/imker\/wp-json\/wp\/v2\/product"}],"about":[{"href":"https:\/\/www.modellbau-yodi.de\/imker\/wp-json\/wp\/v2\/types\/product"}],"replies":[{"embeddable":true,"href":"https:\/\/www.modellbau-yodi.de\/imker\/wp-json\/wp\/v2\/comments?post=672"}],"wp:featuredmedia":[{"embeddable":true,"href":"https:\/\/www.modellbau-yodi.de\/imker\/wp-json\/wp\/v2\/media\/673"}],"wp:attachment":[{"href":"https:\/\/www.modellbau-yodi.de\/imker\/wp-json\/wp\/v2\/media?parent=672"}],"wp:term":[{"taxonomy":"product_brand","embeddable":true,"href":"https:\/\/www.modellbau-yodi.de\/imker\/wp-json\/wp\/v2\/product_brand?post=672"},{"taxonomy":"product_cat","embeddable":true,"href":"https:\/\/www.modellbau-yodi.de\/imker\/wp-json\/wp\/v2\/product_cat?post=672"},{"taxonomy":"product_tag","embeddable":true,"href":"https:\/\/www.modellbau-yodi.de\/imker\/wp-json\/wp\/v2\/product_tag?post=672"}],"curies":[{"name":"wp","href":"https:\/\/api.w.org\/{rel}","templated":true}]}}