{"id":12,"date":"2022-07-18T19:12:15","date_gmt":"2022-07-18T17:12:15","guid":{"rendered":"http:\/\/www.modellbau-yodi.de\/ivg\/?page_id=12"},"modified":"2022-07-19T04:20:52","modified_gmt":"2022-07-19T02:20:52","slug":"links","status":"publish","type":"page","link":"https:\/\/www.modellbau-yodi.de\/ivg\/links\/","title":{"rendered":"Links"},"content":{"rendered":"<p>Link\u00a0 Category<br \/>\n<!-- Link Library Categories Output -->\n\n<div id=\"linktable\" class=\"linktable\"><table width=\"100%\">\n<tr>\n\t<td><a href=\"#belegstellen\"><span class=\"linkcatname\">Belegstellen<\/span><\/a><\/td>\n<\/tr>\n<tr>\n\t<td><a href=\"#diy\"><span class=\"linkcatname\">DIY<\/span><\/a><\/td>\n<\/tr>\n<tr>\n\t<td><a href=\"#filme\"><span class=\"linkcatname\">Filme<\/span><\/a><\/td>\n<\/tr>\n<tr>\n\t<td><a href=\"#imkerbuecher-downloads\"><span class=\"linkcatname\">Imkerb\u00fccher Downloads<\/span><\/a><\/td>\n<\/tr>\n<tr>\n\t<td><a href=\"#imkerinnen-und-imker\"><span class=\"linkcatname\">Imkerinnen und Imker<\/span><\/a><\/td>\n<\/tr>\n<tr>\n\t<td><a href=\"#sonstiges\"><span class=\"linkcatname\">Sonstiges<\/span><\/a><\/td>\n<\/tr>\n<tr>\n\t<td><a href=\"#studien\"><span class=\"linkcatname\">Studien<\/span><\/a><\/td>\n<\/tr>\n<tr>\n\t<td><a href=\"#vereine-verbaende\"><span class=\"linkcatname\">Vereine \/ Verb\u00e4nde<\/span><\/a><\/td>\n<\/tr>\n<tr>\n\t<td><a href=\"#zuechter-vermehrer\"><span class=\"linkcatname\">Z\u00fcchter\/Vermehrer<\/span><\/a><\/td>\n<\/tr>\n<\/table>\n<\/div>\n\n<div style='clear:both' \/>\n\n<!-- End of Link Library Categories Output -->\u00a0 \u00a0 <form method=\"get\" id=\"llsearch\">\n<div>\n<input type='text' onfocus=\"this.value=''\" value='Search...' name='searchll' id='searchll' \/><input type='submit' id='searchbutton' value='Search' \/><\/div>\n<\/form>\n\n<script type='text\/javascript'>\njQuery(document).ready(function () {\n\tjQuery('#searchbutton').click(function () {\n\t\tif (jQuery('#searchll').val() == 'Search...') {\n\t\t\treturn false;\n\t\t}\n\t\telse {\n\t\t\tjQuery('#llsearch').submit();\n\t\t}\n\t});\n\tjQuery('#resetbutton').click(function () {\n\t\twindow.location.href = 'https:\/\/www.modellbau-yodi.de\/ivg\/links\/';\n\t\treturn false;\n\t});\n});\n<\/script><\/p>\n<!-- Beginning of Link Library Output --><div id='linklist1' class='linklist'><!-- Div Linklist -->\n<div class=\"LinkLibraryCat LinkLibraryCat10 level0\"><!-- Div Category --><div id=\"belegstellen\"><!-- Div Category Name --><div class=\"linklistcatname\"><!-- Div Cat Name --><span class=\"linklistcatclass\">Belegstellen<\/span><\/div><!-- DivOrHeader --><\/div><!-- Div Category Name -->\n\t<ul>\n<li><a href=\"https:\/\/www.dunkle-biene.com\/belegstellen\/\" id=\"link-174\" class=\"track_this_link \" rel=\"noopener noreferrer\" target=\"_blank\">Belegstelle Karwendel &#8211; Apis mellifera mellifera<\/a><\/li>\n<li><a href=\"https:\/\/www.belegstelle-stumpfwald.de\" id=\"link-172\" class=\"track_this_link \" rel=\"noopener noreferrer\" target=\"_blank\">Belegstelle Stumpfwald  &#8211; Apis mellifera mellifera<\/a><\/li>\n<li><a href=\"http:\/\/www.imkereikolbe.de\/index.php\/ct-menu-item-14\/ct-menu-item-22\" id=\"link-175\" class=\"track_this_link \" rel=\"noopener noreferrer\" target=\"_blank\">Belegstelle S\u00fcdharz Wippra (SHW) &#8211; Buckfast<\/a><\/li>\n<li><a href=\"https:\/\/www.laves.niedersachsen.de\/startseite\/tiere\/bienenkunde\/termine\/belegstelle-torfhaus-73837.html\" id=\"link-173\" class=\"track_this_link \" rel=\"noopener noreferrer\" target=\"_blank\">Belegstelle Torfhaus &#8211; Apis mellifera Carnica-Celle<\/a><\/li>\n\t<\/ul>\n<\/div><!-- Div End Category -->\n<div class=\"LinkLibraryCat LinkLibraryCat6 level0\"><!-- Div Category --><div id=\"diy\"><!-- Div Category Name --><div class=\"linklistcatname\"><!-- Div Cat Name --><span class=\"linklistcatclass\">DIY<\/span><\/div><!-- DivOrHeader --><\/div><!-- Div Category Name -->\n\t<ul>\n<li><a href=\"https:\/\/honey-pi.de\" id=\"link-139\" class=\"track_this_link \" rel=\"noopener noreferrer\" target=\"_blank\">DIY Bienenstock Waage Honey Pi<\/a><\/li>\n\t<\/ul>\n<\/div><!-- Div End Category -->\n<div class=\"LinkLibraryCat LinkLibraryCat7 level0\"><!-- Div Category --><div id=\"filme\"><!-- Div Category Name --><div class=\"linklistcatname\"><!-- Div Cat Name --><span class=\"linklistcatclass\">Filme<\/span><\/div><!-- DivOrHeader --><\/div><!-- Div Category Name -->\n\t<ul>\n<li><a href=\"https:\/\/av.tib.eu\/media\/11311\" id=\"link-141\" class=\"track_this_link \" rel=\"noopener noreferrer\" target=\"_blank\">Georg Klindworth, Arbeiten in einer Korbimkerei der L\u00fcneburger Heide<\/a><\/li>\n\t<\/ul>\n<\/div><!-- Div End Category -->\n<div class=\"LinkLibraryCat LinkLibraryCat5 level0\"><!-- Div Category --><div id=\"imkerbuecher-downloads\"><!-- Div Category Name --><div class=\"linklistcatname\"><!-- Div Cat Name --><span class=\"linklistcatclass\">Imkerb\u00fccher Downloads<\/span><\/div><!-- DivOrHeader --><\/div><!-- Div Category Name -->\n\t<ul>\n<li><a href=\"https:\/\/books.google.de\/books?id=CKFbAAAAMAAJ&#038;printsec=frontcover&#038;hl=de&#038;source=gbs_ge_summary_r&#038;cad=0\" id=\"link-126\" class=\"track_this_link \" rel=\"noopener noreferrer\" target=\"_blank\">Anweisung zur n\u00fctzlichsten und angenehmsten Bienenzucht f\u00fcr alle Gegenden (Johann Ludwig Christ)<\/a><\/li>\n<li><a href=\"http:\/\/www.warre-bienenhaltung.de\" id=\"link-124\" class=\"track_this_link \" rel=\"noopener noreferrer\" target=\"_blank\">Bienenhaltung f\u00fcr alle (Abb\u00e9 Emille Warr\u00e9 und Bernhard Heuvel)<\/a><\/li>\n<li><a href=\"http:\/\/www.seanet.com\/~alexs\/bien\/bienenzucht_full.pdf\" id=\"link-129\" class=\"track_this_link \" rel=\"noopener noreferrer\" target=\"_blank\">Bienenzucht. Naturgerecht, einfach und erfolgssicher (Johann Th\u00fcr)<\/a><\/li>\n<li><a href=\"http:\/\/immenfreunde.de\/KarlSimshaeuser_TrogbeuteT120.pdf\" id=\"link-128\" class=\"track_this_link \" rel=\"noopener noreferrer\" target=\"_blank\">Die Trogbeute T 120. Ein praktischer Wegweiser (Karl Simsh\u00e4user)<\/a><\/li>\n<li><a href=\"http:\/\/www.imkerei-schwarz.de\/content\/Broschuere-Dadant-A5-web.pdf\" id=\"link-127\" class=\"track_this_link \" rel=\"noopener noreferrer\" target=\"_blank\">Imkern mit Dadant (Reiner Schwarz)<\/a><\/li>\n<li><a href=\"https:\/\/www.gutenberg.org\/ebooks\/24583\" id=\"link-125\" class=\"track_this_link \" rel=\"noopener noreferrer\" target=\"_blank\">Langstroth on the Hive and the Honey-Bee: A Bee Keeper&#8217;s Manual by L. L. Langstroth<\/a><\/li>\n<li><a href=\"http:\/\/www.immenfreunde.de\/docs\/ImkLebens.pdf\" id=\"link-130\" class=\"track_this_link \" rel=\"noopener noreferrer\" target=\"_blank\">Wie erhalte ich durch Imkerei eine sichere und gute Lebensstellung? (G. Sch\u00e4kel, Villa Ostertal bei Beverungen)<\/a><\/li>\n\t<\/ul>\n<\/div><!-- Div End Category -->\n<div class=\"LinkLibraryCat LinkLibraryCat9 level0\"><!-- Div Category --><div id=\"imkerinnen-und-imker\"><!-- Div Category Name --><div class=\"linklistcatname\"><!-- Div Cat Name --><span class=\"linklistcatclass\">Imkerinnen und Imker<\/span><\/div><!-- DivOrHeader --><\/div><!-- Div Category Name -->\n\t<ul>\n<li><a href=\"http:\/\/www.immelieb.de\" id=\"link-170\" class=\"track_this_link \" rel=\"noopener noreferrer\" target=\"_blank\">Dr. Gerhard Liebig<\/a><\/li>\n<li><a href=\"http:\/\/www.piaaumeier.de\" id=\"link-169\" class=\"track_this_link \" rel=\"noopener noreferrer\" target=\"_blank\">Pias Dropbox<\/a><\/li>\n\t<\/ul>\n<\/div><!-- Div End Category -->\n<div class=\"LinkLibraryCat LinkLibraryCat4 level0\"><!-- Div Category --><div id=\"sonstiges\"><!-- Div Category Name --><div class=\"linklistcatname\"><!-- Div Cat Name --><span class=\"linklistcatclass\">Sonstiges<\/span><\/div><!-- DivOrHeader --><\/div><!-- Div Category Name -->\n\t<ul>\n<li><a href=\"https:\/\/bienenstrom.de\" id=\"link-122\" class=\"track_this_link \" rel=\"noopener noreferrer\" target=\"_blank\">Bienenstrom<\/a><\/li>\n<li><a href=\"http:\/\/www.bienenumleitung.de\" id=\"link-189\" class=\"track_this_link \" rel=\"noopener noreferrer\" target=\"_blank\">Einbecker Bienenumleitungssystem<\/a><\/li>\n<li><a href=\"https:\/\/www.imkerhilfen.de\" id=\"link-190\" class=\"track_this_link \" rel=\"noopener noreferrer\" target=\"_blank\">Heinrich Niemeier &#8211; Imkerhilfen<\/a><\/li>\n\t<\/ul>\n<\/div><!-- Div End Category -->\n<div class=\"LinkLibraryCat LinkLibraryCat8 level0\"><!-- Div Category --><div id=\"studien\"><!-- Div Category Name --><div class=\"linklistcatname\"><!-- Div Cat Name --><span class=\"linklistcatclass\">Studien<\/span><\/div><!-- DivOrHeader --><\/div><!-- Div Category Name -->\n\t<ul>\n<li><a href=\"http:\/\/www.dheaf.plus.com\/warrebeekeeping\/bee_guided_pharmacognosy.pdf\" id=\"link-142\" class=\"track_this_link \" rel=\"noopener noreferrer\" target=\"_blank\">Bee-guided Pharmacognosy?<\/a><\/li>\n<li><a href=\"https:\/\/www.youtube.com\/watch?v=NF_8rxzNLB0\" id=\"link-233\" class=\"track_this_link \" rel=\"noopener noreferrer\" target=\"_blank\">DLNDB | Die lange Nacht der Bienenwissenschaft<\/a><\/li>\n\t<\/ul>\n<\/div><!-- Div End Category -->\n<div class=\"LinkLibraryCat LinkLibraryCat3 level0\"><!-- Div Category --><div id=\"vereine-verbaende\"><!-- Div Category Name --><div class=\"linklistcatname\"><!-- Div Cat Name --><span class=\"linklistcatclass\">Vereine \/ Verb\u00e4nde<\/span><\/div><!-- DivOrHeader --><\/div><!-- Div Category Name -->\n\t<ul>\n<li><a href=\"https:\/\/www.bv-dunkle-biene.de\" id=\"link-102\" class=\"track_this_link \" rel=\"noopener noreferrer\" target=\"_blank\">Bundesverband Dunkle Biene Deutschland e.V.<\/a><\/li>\n<li><a href=\"https:\/\/berufsimker.de\" id=\"link-123\" class=\"track_this_link \" rel=\"noopener noreferrer\" target=\"_blank\">DEUTSCHER BERUFS UND ERWERBS IMKER BUND E.V.<\/a><\/li>\n<li><a href=\"https:\/\/gdeb.eu\" id=\"link-179\" class=\"track_this_link \" rel=\"noopener noreferrer\" target=\"_blank\">Gemeinschaft der europ\u00e4ischen Buckfastimker e.V.<\/a><\/li>\n<li><a href=\"https:\/\/ligustica-niedersachsen.de\" id=\"link-176\" class=\"track_this_link \" rel=\"noopener noreferrer\" target=\"_blank\">Gemeinschaft der Nieders\u00e4chsischen Ligusticaimker<\/a><\/li>\n<li><a href=\"https:\/\/www.imkerlvhannover.de\" id=\"link-181\" class=\"track_this_link \" rel=\"noopener noreferrer\" target=\"_blank\">Landesverband Hannoverscher Imker e.V.<\/a><\/li>\n<li><a href=\"https:\/\/neuer-imkerbund.de\" id=\"link-235\" class=\"track_this_link \" rel=\"noopener noreferrer\" target=\"_blank\">Neue Imkerbund<\/a><\/li>\n\t<\/ul>\n<\/div><!-- Div End Category -->\n<div class=\"LinkLibraryCat LinkLibraryCat11 level0\"><!-- Div Category --><div id=\"zuechter-vermehrer\"><!-- Div Category Name --><div class=\"linklistcatname\"><!-- Div Cat Name --><span class=\"linklistcatclass\">Z\u00fcchter\/Vermehrer<\/span><\/div><!-- DivOrHeader --><\/div><!-- Div Category Name -->\n\t<ul>\n<li><a href=\"https:\/\/www.kvarnhult.de\" id=\"link-177\" class=\"track_this_link \" rel=\"noopener noreferrer\" target=\"_blank\">Bernd Klotz &#8211; Kvarnhult<\/a><\/li>\n<li><a href=\"https:\/\/www.bee-honig.de\/\" id=\"link-178\" class=\"track_this_link \" rel=\"noopener noreferrer\" target=\"_blank\">Markus Gann &#8211; Beegan<\/a><\/li>\n\t<\/ul>\n<\/div><!-- Div End Category -->\n<script type='text\/javascript'>\njQuery(document).ready(function()\n{\njQuery('.arrow-up').hide();\njQuery('#linklist1 a.track_this_link').click(function() {\nlinkid = this.id;\nlinkid = linkid.substring(5);\npath = '';\njQuery.ajax( {    type: 'POST',    url: 'https:\/\/www.modellbau-yodi.de\/ivg\/wp-admin\/admin-ajax.php',     data: { action: 'link_library_tracker',             _ajax_nonce: 'b16dc73e10',             id:linkid, xpath:path }     });\nreturn true;\n});\njQuery('#linklist1 .expandlinks').click(function() {\ntarget = '.' + jQuery(this).attr('id');\nsubcattarget = '.' + jQuery(this).attr('data-subcat');\nif ( jQuery( target ).is(':visible') ) {\njQuery(target).slideUp();\njQuery(subcattarget).slideToggle();\njQuery(this).children('img').attr('src', 'https:\/\/www.modellbau-yodi.de\/ivg\/wp-content\/plugins\/link-library\/icons\/expand-32.png');\n} else {\njQuery(target).slideDown();\njQuery(subcattarget).slideToggle();\njQuery(this).children('img').attr('src', 'https:\/\/www.modellbau-yodi.de\/ivg\/wp-content\/plugins\/link-library\/icons\/collapse-32.png');\n}\n});\njQuery('#linklist1 .linklistcatclass').click(function() {\njQuery(this).siblings('.expandlinks').click();\n});\njQuery('#linklist1 .linklistcatnamedesc').click(function() {\njQuery(this).siblings('.expandlinks').click();\n});\n});\n<\/script>\n<\/div><!-- Div Linklist -->\n<!-- End of Link Library Output -->\n\n\n<p>Vermist du einen Link ? Dann schreib eine Mail<\/p>\n<p>&nbsp;<\/p>\n","protected":false},"excerpt":{"rendered":"<p>Link\u00a0 Category \u00a0 \u00a0 Vermist du einen Link ? Dann schreib eine Mail &nbsp;<\/p>\n","protected":false},"author":1,"featured_media":0,"parent":0,"menu_order":0,"comment_status":"closed","ping_status":"closed","template":"","meta":{"_bbp_topic_count":0,"_bbp_reply_count":0,"_bbp_total_topic_count":0,"_bbp_total_reply_count":0,"_bbp_voice_count":0,"_bbp_anonymous_reply_count":0,"_bbp_topic_count_hidden":0,"_bbp_reply_count_hidden":0,"_bbp_forum_subforum_count":0,"footnotes":""},"class_list":["post-12","page","type-page","status-publish","hentry"],"_links":{"self":[{"href":"https:\/\/www.modellbau-yodi.de\/ivg\/wp-json\/wp\/v2\/pages\/12","targetHints":{"allow":["GET"]}}],"collection":[{"href":"https:\/\/www.modellbau-yodi.de\/ivg\/wp-json\/wp\/v2\/pages"}],"about":[{"href":"https:\/\/www.modellbau-yodi.de\/ivg\/wp-json\/wp\/v2\/types\/page"}],"author":[{"embeddable":true,"href":"https:\/\/www.modellbau-yodi.de\/ivg\/wp-json\/wp\/v2\/users\/1"}],"replies":[{"embeddable":true,"href":"https:\/\/www.modellbau-yodi.de\/ivg\/wp-json\/wp\/v2\/comments?post=12"}],"version-history":[{"count":3,"href":"https:\/\/www.modellbau-yodi.de\/ivg\/wp-json\/wp\/v2\/pages\/12\/revisions"}],"predecessor-version":[{"id":50,"href":"https:\/\/www.modellbau-yodi.de\/ivg\/wp-json\/wp\/v2\/pages\/12\/revisions\/50"}],"wp:attachment":[{"href":"https:\/\/www.modellbau-yodi.de\/ivg\/wp-json\/wp\/v2\/media?parent=12"}],"curies":[{"name":"wp","href":"https:\/\/api.w.org\/{rel}","templated":true}]}}