{"id":2,"date":"2022-07-18T19:00:43","date_gmt":"2022-07-18T17:00:43","guid":{"rendered":"http:\/\/www.modellbau-yodi.de\/ivg\/?page_id=2"},"modified":"2022-08-05T08:34:55","modified_gmt":"2022-08-05T06:34:55","slug":"beispiel-seite","status":"publish","type":"page","link":"https:\/\/www.modellbau-yodi.de\/ivg\/","title":{"rendered":"Hallo"},"content":{"rendered":"<p>Willkommen auf der Webseite des Imkerverein G\u00f6ttingen Grone. Bis zur Eingemeindung, am 4. Juli 1964, war Grone ein eigenst\u00e4ndiges Dorf. Nun aber ist Grone ein Stadtteil von G\u00f6ttingen. Der Imkerverein Grone ist angeschlossen am\u00a0 Landesverband <a href=\"https:\/\/www.imkerlvhannover.de\" target=\"_blank\" rel=\"noopener\">Hannoverscher Imker e.V.<\/a> Die Mitglieder im Imkerverein Grone wohnen in G\u00f6ttingen und in der Umgebung von G\u00f6ttingen.<\/p>\n<p>Bist du Mitglied im Verein so registriere dich auf dieser Webseite um in den internen Bereich der Webseite zu gelangen.<\/p>\n<p>Viel Spa\u00df!<\/p>\n<p>&nbsp;<\/p>\n","protected":false},"excerpt":{"rendered":"<p>Willkommen auf der Webseite des Imkerverein G\u00f6ttingen Grone. Bis zur Eingemeindung, am 4. Juli 1964, war Grone ein eigenst\u00e4ndiges Dorf. Nun aber ist Grone ein &hellip; <\/p>\n","protected":false},"author":1,"featured_media":0,"parent":0,"menu_order":0,"comment_status":"closed","ping_status":"open","template":"","meta":{"_bbp_topic_count":0,"_bbp_reply_count":0,"_bbp_total_topic_count":0,"_bbp_total_reply_count":0,"_bbp_voice_count":0,"_bbp_anonymous_reply_count":0,"_bbp_topic_count_hidden":0,"_bbp_reply_count_hidden":0,"_bbp_forum_subforum_count":0,"footnotes":""},"class_list":["post-2","page","type-page","status-publish","hentry"],"_links":{"self":[{"href":"https:\/\/www.modellbau-yodi.de\/ivg\/wp-json\/wp\/v2\/pages\/2","targetHints":{"allow":["GET"]}}],"collection":[{"href":"https:\/\/www.modellbau-yodi.de\/ivg\/wp-json\/wp\/v2\/pages"}],"about":[{"href":"https:\/\/www.modellbau-yodi.de\/ivg\/wp-json\/wp\/v2\/types\/page"}],"author":[{"embeddable":true,"href":"https:\/\/www.modellbau-yodi.de\/ivg\/wp-json\/wp\/v2\/users\/1"}],"replies":[{"embeddable":true,"href":"https:\/\/www.modellbau-yodi.de\/ivg\/wp-json\/wp\/v2\/comments?post=2"}],"version-history":[{"count":7,"href":"https:\/\/www.modellbau-yodi.de\/ivg\/wp-json\/wp\/v2\/pages\/2\/revisions"}],"predecessor-version":[{"id":230,"href":"https:\/\/www.modellbau-yodi.de\/ivg\/wp-json\/wp\/v2\/pages\/2\/revisions\/230"}],"wp:attachment":[{"href":"https:\/\/www.modellbau-yodi.de\/ivg\/wp-json\/wp\/v2\/media?parent=2"}],"curies":[{"name":"wp","href":"https:\/\/api.w.org\/{rel}","templated":true}]}}