{"id":291,"date":"2024-09-15T10:00:35","date_gmt":"2024-09-15T08:00:35","guid":{"rendered":"https:\/\/www.modellbau-yodi.de\/ivg\/?page_id=291"},"modified":"2024-09-15T10:00:35","modified_gmt":"2024-09-15T08:00:35","slug":"standplatzboerse","status":"publish","type":"page","link":"https:\/\/www.modellbau-yodi.de\/ivg\/standplatzboerse\/","title":{"rendered":"Standplatzb\u00f6rse"},"content":{"rendered":"<p>Hier kannst du einen Standplatz f\u00fcr Bienen melden. Wenn du also einen Garten bzw. Grundst\u00fcck hast wo ein Imker seine Bienen hinstellen darf kannst du ihn hier melden. Ein Imker wird dann Kontakt zu dir aufnehmen wenn ihn dein Platz gef\u00e4llt.<\/p>\n<p>Wusstest du, dass mindestens 30 % der gesamten menschlichen Nahrung von bienenbest\u00e4ubten Pflanzen stammen? Und volkswirtschaftlich betrachtet nach Rind und Schwein die Honigbiene den 3. Platz der wichtigsten Nutztiere einnimmt ? Die Honigbiene hat einen Flugradius von ca. 3 Km je nach Unterart. Die meisten Wildbienen nur einige hundert Meter.<\/p>\n","protected":false},"excerpt":{"rendered":"<p>Hier kannst du einen Standplatz f\u00fcr Bienen melden. Wenn du also einen Garten bzw. Grundst\u00fcck hast wo ein Imker seine Bienen hinstellen darf kannst du &hellip; <\/p>\n","protected":false},"author":1,"featured_media":0,"parent":0,"menu_order":0,"comment_status":"closed","ping_status":"closed","template":"standplatzboerse.php","meta":{"_bbp_topic_count":0,"_bbp_reply_count":0,"_bbp_total_topic_count":0,"_bbp_total_reply_count":0,"_bbp_voice_count":0,"_bbp_anonymous_reply_count":0,"_bbp_topic_count_hidden":0,"_bbp_reply_count_hidden":0,"_bbp_forum_subforum_count":0,"footnotes":""},"class_list":["post-291","page","type-page","status-publish","hentry"],"_links":{"self":[{"href":"https:\/\/www.modellbau-yodi.de\/ivg\/wp-json\/wp\/v2\/pages\/291","targetHints":{"allow":["GET"]}}],"collection":[{"href":"https:\/\/www.modellbau-yodi.de\/ivg\/wp-json\/wp\/v2\/pages"}],"about":[{"href":"https:\/\/www.modellbau-yodi.de\/ivg\/wp-json\/wp\/v2\/types\/page"}],"author":[{"embeddable":true,"href":"https:\/\/www.modellbau-yodi.de\/ivg\/wp-json\/wp\/v2\/users\/1"}],"replies":[{"embeddable":true,"href":"https:\/\/www.modellbau-yodi.de\/ivg\/wp-json\/wp\/v2\/comments?post=291"}],"version-history":[{"count":1,"href":"https:\/\/www.modellbau-yodi.de\/ivg\/wp-json\/wp\/v2\/pages\/291\/revisions"}],"predecessor-version":[{"id":293,"href":"https:\/\/www.modellbau-yodi.de\/ivg\/wp-json\/wp\/v2\/pages\/291\/revisions\/293"}],"wp:attachment":[{"href":"https:\/\/www.modellbau-yodi.de\/ivg\/wp-json\/wp\/v2\/media?parent=291"}],"curies":[{"name":"wp","href":"https:\/\/api.w.org\/{rel}","templated":true}]}}