{"id":9,"date":"2022-07-18T19:09:56","date_gmt":"2022-07-18T17:09:56","guid":{"rendered":"http:\/\/www.modellbau-yodi.de\/ivg\/?page_id=9"},"modified":"2022-07-23T09:26:44","modified_gmt":"2022-07-23T07:26:44","slug":"der-vorstand","status":"publish","type":"page","link":"https:\/\/www.modellbau-yodi.de\/ivg\/der-verein\/der-vorstand\/","title":{"rendered":"Der Vorstand"},"content":{"rendered":"<h1>Unser Vorstand<\/h1>\n<h4>1.Vorsitzender<\/h4>\n<p>Detlef Gerke<br \/>\nReinh\u00e4user Landstr. 138a<br \/>\n37083 G\u00f6ttingen<br \/>\nTelefon (0551)7700347<\/p>\n<h4>2.Vorsitzender<\/h4>\n<p>&nbsp;<\/p>\n<h4>Schriftf\u00fchrer<\/h4>\n<p>&nbsp;<\/p>\n<h4>Kassenwart<\/h4>\n<hr \/>\n<p>Sonstige \u00c4mter im Verein<\/p>\n<h4>Bienensachverst\u00e4ndiger<\/h4>\n<h4>Honigsachverst\u00e4ndiger<\/p>\n<p>WESPENBEAUFTRAGTER<\/p>\n<p>Webmaster<\/h4>\n<p>&nbsp;<\/p>\n","protected":false},"excerpt":{"rendered":"<p>Unser Vorstand 1.Vorsitzender Detlef Gerke Reinh\u00e4user Landstr. 138a 37083 G\u00f6ttingen Telefon (0551)7700347 2.Vorsitzender &nbsp; Schriftf\u00fchrer &nbsp; Kassenwart Sonstige \u00c4mter im Verein Bienensachverst\u00e4ndiger Honigsachverst\u00e4ndiger WESPENBEAUFTRAGTER Webmaster &hellip; <\/p>\n","protected":false},"author":1,"featured_media":0,"parent":6,"menu_order":1,"comment_status":"closed","ping_status":"closed","template":"","meta":{"_bbp_topic_count":0,"_bbp_reply_count":0,"_bbp_total_topic_count":0,"_bbp_total_reply_count":0,"_bbp_voice_count":0,"_bbp_anonymous_reply_count":0,"_bbp_topic_count_hidden":0,"_bbp_reply_count_hidden":0,"_bbp_forum_subforum_count":0,"footnotes":""},"class_list":["post-9","page","type-page","status-publish","hentry"],"_links":{"self":[{"href":"https:\/\/www.modellbau-yodi.de\/ivg\/wp-json\/wp\/v2\/pages\/9","targetHints":{"allow":["GET"]}}],"collection":[{"href":"https:\/\/www.modellbau-yodi.de\/ivg\/wp-json\/wp\/v2\/pages"}],"about":[{"href":"https:\/\/www.modellbau-yodi.de\/ivg\/wp-json\/wp\/v2\/types\/page"}],"author":[{"embeddable":true,"href":"https:\/\/www.modellbau-yodi.de\/ivg\/wp-json\/wp\/v2\/users\/1"}],"replies":[{"embeddable":true,"href":"https:\/\/www.modellbau-yodi.de\/ivg\/wp-json\/wp\/v2\/comments?post=9"}],"version-history":[{"count":6,"href":"https:\/\/www.modellbau-yodi.de\/ivg\/wp-json\/wp\/v2\/pages\/9\/revisions"}],"predecessor-version":[{"id":186,"href":"https:\/\/www.modellbau-yodi.de\/ivg\/wp-json\/wp\/v2\/pages\/9\/revisions\/186"}],"up":[{"embeddable":true,"href":"https:\/\/www.modellbau-yodi.de\/ivg\/wp-json\/wp\/v2\/pages\/6"}],"wp:attachment":[{"href":"https:\/\/www.modellbau-yodi.de\/ivg\/wp-json\/wp\/v2\/media?parent=9"}],"curies":[{"name":"wp","href":"https:\/\/api.w.org\/{rel}","templated":true}]}}